{"id":561,"date":"2025-10-16T20:30:25","date_gmt":"2025-10-16T20:30:25","guid":{"rendered":"https:\/\/gasperineumaticos.com\/?product=producto-14"},"modified":"2026-04-15T14:37:03","modified_gmt":"2026-04-15T14:37:03","slug":"producto-14","status":"publish","type":"product","link":"https:\/\/gasperineumaticos.com\/?product=producto-14","title":{"rendered":"20V Hidrolavadora inal\u00e1mbrica a bater\u00eda (Cordless Water Blaster)"},"content":{"rendered":"<p>20V Hidrolavadora inal\u00e1mbrica a bater\u00eda (Cordless Water Blaster)<\/p>\n","protected":false},"excerpt":{"rendered":"<p>20V Hidrolavadora inal\u00e1mbrica a bater\u00eda (Cordless Water Blaster)<\/p>\n","protected":false},"featured_media":718,"comment_status":"open","ping_status":"closed","template":"","meta":{"_joinchat":[]},"product_brand":[21],"product_cat":[20,19,18],"product_tag":[],"class_list":{"0":"post-561","1":"product","2":"type-product","3":"status-publish","4":"has-post-thumbnail","6":"product_brand-fixman","7":"product_cat-fixman","8":"product_cat-herramientas","9":"product_cat-sin-categorizar","11":"first","12":"instock","13":"taxable","14":"shipping-taxable","15":"purchasable","16":"product-type-simple"},"_links":{"self":[{"href":"https:\/\/gasperineumaticos.com\/index.php?rest_route=\/wp\/v2\/product\/561","targetHints":{"allow":["GET"]}}],"collection":[{"href":"https:\/\/gasperineumaticos.com\/index.php?rest_route=\/wp\/v2\/product"}],"about":[{"href":"https:\/\/gasperineumaticos.com\/index.php?rest_route=\/wp\/v2\/types\/product"}],"replies":[{"embeddable":true,"href":"https:\/\/gasperineumaticos.com\/index.php?rest_route=%2Fwp%2Fv2%2Fcomments&post=561"}],"wp:featuredmedia":[{"embeddable":true,"href":"https:\/\/gasperineumaticos.com\/index.php?rest_route=\/wp\/v2\/media\/718"}],"wp:attachment":[{"href":"https:\/\/gasperineumaticos.com\/index.php?rest_route=%2Fwp%2Fv2%2Fmedia&parent=561"}],"wp:term":[{"taxonomy":"product_brand","embeddable":true,"href":"https:\/\/gasperineumaticos.com\/index.php?rest_route=%2Fwp%2Fv2%2Fproduct_brand&post=561"},{"taxonomy":"product_cat","embeddable":true,"href":"https:\/\/gasperineumaticos.com\/index.php?rest_route=%2Fwp%2Fv2%2Fproduct_cat&post=561"},{"taxonomy":"product_tag","embeddable":true,"href":"https:\/\/gasperineumaticos.com\/index.php?rest_route=%2Fwp%2Fv2%2Fproduct_tag&post=561"}],"curies":[{"name":"wp","href":"https:\/\/api.w.org\/{rel}","templated":true}]}}